{"id":8,"date":"2019-05-02T15:32:39","date_gmt":"2019-05-02T15:32:39","guid":{"rendered":"http:\/\/naturheilpraxis-eisele.de\/?page_id=8"},"modified":"2019-05-02T15:32:39","modified_gmt":"2019-05-02T15:32:39","slug":"cellsymbiosistherapie","status":"publish","type":"page","link":"https:\/\/naturheilpraxis-eisele.de\/?page_id=8","title":{"rendered":"Cellsymbiosistherapie"},"content":{"rendered":"\n<h4 class=\"wp-block-heading\" id=\"mce_0\"> <br>DIE GRUNDLAGEN <\/h4>\n\n\n\n<p>Nach den Grundlagen der Cellsymbiosistherapie nach Dr. med. Heinrich Kremer k\u00f6nnen chronische Krankheiten unter anderem durch potentiell zunehmende St\u00f6rungen der Zellleistungen, welche durch die Mitochondrien mitgesteuert werden, chronische Entz\u00fcndungen, Mangelzust\u00e4nde oder nicht gedeckten erh\u00f6hten Bedarf an Aminos\u00e4uren (notwendigen Eiwei\u00dfen), Spurenelementen, Mineralstoffen, Vitaminen, Polyphenolen (Pflanzenextrakten), Belastungen mit Industriegiften wie z.B. Schwermetallen, Ern\u00e4hrungsst\u00f6rungen, Immunschw\u00e4chen, chronische Infektionen, Stress, Elektrosmog und St\u00f6rungen der Verdauungsorgane (wie z.B. eingeschr\u00e4nkte Aufnahmeleistung der Darmschleimh\u00e4ute oder reduzierte Verdauungsleistung) und Genmutationen entstehen.  <\/p>\n\n\n\n<h4 class=\"wp-block-heading\" id=\"mce_2\">Was sind Mitochondrien?<\/h4>\n\n\n\n<p>In jeder unserer K\u00f6rperzellen befinden sich durchschnittlich 1500 dieser Mitochondrien (mit Ausnahme der roten Blutk\u00f6rperchen). Mitochondrien sind lebendige Zellorganellen, die sich aus Bakterien heraus entwickelt haben und steuern\/lenken fast alle Stoffwechselleistungen, Energieleistungen und Entgiftungsvorg\u00e4nge in unserem Organismus. Sie spielen also eine zentrale Rolle f\u00fcr unsere Gesundheit und Genesung. Bei St\u00f6rungen der Mitochondrienfunktion wird die alle differenzierten Zellleistungen steuernde Energie (ATP) nicht mehr innerhalb der Mitochondrien mit Hilfe von Sauerstoff und Sauerstoffradikalbildung gebildet, sondern entweder ohne Sauerstoff, au\u00dferhalb der Mitochondrien, \u00fcber Verg\u00e4rung von Blutzucker oder mit Sauerstoff, aber ohne Sauerstoffradikalbildung. Dabei werden nicht mehr die differenzierten Zellleistungen aller Organsysteme gesteuert bzw. aufrecht erhalten, sondern der Zellteilungszyklus aktiviert.  <\/p>\n\n\n\n<h4 class=\"wp-block-heading\" id=\"mce_4\">Krankheiten und Gesundheitsst\u00f6rungen<\/h4>\n\n\n\n<p>Krankheitsbilder, welche sich aus diesen obig genannten m\u00f6glichen Ursachen entwickeln k\u00f6nnen sind: <\/p>\n\n\n\n<ul><li>Bluthochdruck<\/li><li>Krebs (gest\u00f6rte intrazellul\u00e4re Abwehr ,,Schutzschaltung&#8220;)<\/li><li>Virusinfektionen (Herpes, Ebstein-Barr, Hepatitis, etc.)<\/li><li>Pilzinfektionen (Candida, Pneumosystis carinii, Schimmelpilze, etc.)<\/li><li>AIDS<\/li><li>Orthop\u00e4dische Erkrankungen<\/li><li>Alterskrankheiten (Alzheimer, Demenz, Parkinson)<\/li><li>Depressionen<\/li><li>Allergien<\/li><li>Ersch\u00f6pfungssyndrome, Burn-Out<\/li><li>Impotenz, Frigidit\u00e4t<\/li><li>Durchblutungsst\u00f6rungen &#8211; Arteriosklerose, Herzinfakt, Schlaganfall<\/li><li>Organdegeneration, Cholesterinerh\u00f6hung<\/li><li>Hormonbildungsst\u00f6rungen<\/li><li>Vorzeitiges Altern<\/li><li>Immunschw\u00e4chen<\/li><li>Autoimmunerkrankungen<\/li><li>ADHS (Aufmerksamkeitsdefizitsyndrom)<\/li><\/ul>\n\n\n\n<p>Die Cellsymbiosistherapie\u00ae nach Dr. med. Heinrich Kremer ist ein weltweit neues Therapiekonzept. Erfahren Sie mehr zur Vorgehensweise und Einsatzgebieten.<\/p>\n\n\n\n<p>In den Mitochondrien (griech. von Mitos: die Kugel und Chondron: der Faden), von denen in der Zelle im Durchschnitt 1.500 bereit stehen, wird mit Hilfe von Sauerstoff unsere \u201eZellenergie\u201c (ATP) gebildet, besser gesagt moduliert. 90 Prozent des Sauerstoffs, den wir einatmen, wird in den Mitochondrien zu dieser Energiegewinnung bzw. Modulation ben\u00f6tigt und steuert alle Zellleistungen aller Organe wie Herz, Gehirn, Immunsystem, Verdauungsorgane, Kreislaufsystem, Schleimhautfunktion, Muskelfunktion, Durchblutung. Diese Art der Energiebildung innerhalb der Mitochondrien wird auch Hochleistungsmodell genannt.<\/p>\n\n\n\n<p>Die Mitochondrienfunktion und Zellleistung wird durch das von Dr. Kremer postulierte B-Genom gesteuert (B von Bakterien, da Mitochondrien sich aus so genannten Protobakterien entwickelt haben). Bei diesem Vorgang entstehen zwangsl\u00e4ufig und immer die so genannten Sauerstoffradikale.<\/p>\n\n\n\n<p>Mitochondrien werden heute als Endobionten definiert, vitale Zellorganellen, da diese sich \u00fcber mehrere hundert Millionen Jahre aus Bakterien entwickelt haben, welche in einem bisher einmaligen Fusionsakt der Evolution von den so genannten Archaea als Wirtszelle aufgenommen wurden. Die Archaea wurden zum ersten Male in mehreren hundert Metern Ozeantiefe in unmittelbarer N\u00e4he von aktiven Vulkanen gefunden und sind in der Lage Energie (ATP) v\u00f6llig ohne Sauerstoff zu bilden. Dies wird auch das \u201eEnergiespar- oder Zellteilungsmodell\u201c genannt. Der Mensch tr\u00e4gt heute \u00fcber 60% des Erbgutes dieser Archaea in sich. Wenn die Genanteile der Archaea aktiviert sind, wird die Zellteilung aktiviert bzw. gesteuert (durch das so genannte A-Genom, A von Archaea). Somit hat Dr. Kremer das doppelte Genom in menschlichen Zellen postuliert. <\/p>\n\n\n\n<p>Energie, die au\u00dferhalb der Mitochondrien gebildet bzw. moduliert wird, steuert die Zellteilung.\nEnergie, die innerhalb der Mitochondrien mit Sauerstoff gebildet bzw. moduliert wird, steuert alle differenzierten Zellleistungen.<\/p>\n\n\n\n<p>Bei der mitochondrialen Energiebildung mit Hilfe von Sauerstoff &#8211; welches auch das \u201eEnergiehochleistungsmodell\u201c genannt wird &#8211; entstehen immer und zwangsl\u00e4ufig sehr reaktionsfreudige und potentiell Zell-\/Mitochondrien sch\u00e4digende Sauerstoffradikale, welche einen Reaktionspartner im Organismus suchen.<\/p>\n\n\n\n<p>Werden Sauerstoffradikale nicht \u201eentsch\u00e4rft oder neutralisiert\u201c k\u00f6nnen zum Beispiel Zell- oder Mitochondrienmembran-bestandteile oder auch Erbgutbruchst\u00fccke zerst\u00f6rt werden, d. h. es besteht die M\u00f6glichkeit einer zellul\u00e4ren oder genetischen Sch\u00e4digung.<\/p>\n\n\n\n<p>Deswegen m\u00fcssen Sauerstoffradikale \u201eentsch\u00e4rft\u201c, in ihrer Reaktionsfreudigkeit neutralisiert werden. Daf\u00fcr sind Antioxidanzien verantwortlich, vor allem Schwefelverbindungen wie reduziertes Glutathion (das aus 3 Aminos\u00e4uren = Eiwei\u00dfen besteht) und von allen Mitochondrien selbst gebildet werden kann (aus den Aminos\u00e4uren Cystein, Glutamin, Glycin), aber auch die anderen zahlreichen in der Natur vorkommenden Schwefelverbindungen und andere Pflanzenextrakte wie Polyphenole spielen hier eine ganz zentrale Rolle, wenn es um die Regeneration und Stabilisierung der Mitochondrienfunktion und somit unserer Gesundheit geht.<\/p>\n\n\n\n<p>Reduziertes Glutathion und Thiole stellen universelle zellul\u00e4re Entgifter dar, die zudem \u00fcber 3000 Industriegifte antioxydieren k\u00f6nnen. Somit besitzen alle mit Mitochondrien besiedelten und gesteuerten Zellen ein eigenes entgiftendes System.<\/p>\n\n\n\n<p>Zur Aufrechterhaltung der Mitochondrienfunktion &#8211; dem \u201eZellhochleistungsmodell\u201c, also der Steuerung der Zellfunktion im Sinne von Energiegewinnung mit Steuerung der Zellleistungen wie auch der eigenen Zellentgiftung sind essentielle Mikro-Makron\u00e4hrstoffe unbedingt erforderlich, da diese nicht in Eigensynthese gebildet werden k\u00f6nnen.<\/p>\n\n\n\n<p>Dazu geh\u00f6ren Aminos\u00e4uren, Polyphenole, Flavonoide, Spurenelemente wie Mangan und Molybd\u00e4n, Mineralstoffe, Vitamine, Fetts\u00e4uren und Phospholipide.<\/p>\n\n\n\n<p>Werden Mitochondrien in ihrer empfindlicheren Struktur zerst\u00f6rt oder in ihrer Funktion gest\u00f6rt, nimmt deren Leistung, also Energiegewinnung mit Steuerung der Organleistungen wie auch Entgiftungsleistungen zwangsl\u00e4ufig ab.<\/p>\n\n\n\n<h4 class=\"wp-block-heading\">Bitte beachten Sie:<\/h4>\n\n\n\n<p>Alle hier vorgestellten Diagnose- und Behandlungsmethoden sind Verfahren der naturheilkundlichen Erfahrungsmedizin, die nicht zu den allgemein anerkannten Methoden im Sinne einer Anerkennung durch die Schulmedizin geh\u00f6ren. Alle getroffenen Aussagen \u00fcber Eigenschaften und Wirkungen sowie Indikationen der vorgestellten Verfahren beruhen auf den Erkenntnissen und Erfahrungswerten in der jeweiligen Therapierichtung selbst, die von der herrschenden Schulmedizin nicht geteilt werden.<\/p>\n","protected":false},"excerpt":{"rendered":"<div class=\"slide-text-bg2\"><span>DIE GRUNDLAGEN Nach den Grundlagen der Cellsymbiosistherapie nach Dr. med. Heinrich Kremer k\u00f6nnen chronische Krankheiten unter anderem durch potentiell zu<\/span><\/div>\n<div class=\"slide-btn-area-sm\"><a href=\"https:\/\/naturheilpraxis-eisele.de\/?page_id=8\" class=\"slide-btn-sm\">weiterlesen<\/a><\/div>\n","protected":false},"author":1,"featured_media":0,"parent":0,"menu_order":0,"comment_status":"closed","ping_status":"closed","template":"","meta":[],"_links":{"self":[{"href":"https:\/\/naturheilpraxis-eisele.de\/index.php?rest_route=\/wp\/v2\/pages\/8"}],"collection":[{"href":"https:\/\/naturheilpraxis-eisele.de\/index.php?rest_route=\/wp\/v2\/pages"}],"about":[{"href":"https:\/\/naturheilpraxis-eisele.de\/index.php?rest_route=\/wp\/v2\/types\/page"}],"author":[{"embeddable":true,"href":"https:\/\/naturheilpraxis-eisele.de\/index.php?rest_route=\/wp\/v2\/users\/1"}],"replies":[{"embeddable":true,"href":"https:\/\/naturheilpraxis-eisele.de\/index.php?rest_route=%2Fwp%2Fv2%2Fcomments&post=8"}],"version-history":[{"count":2,"href":"https:\/\/naturheilpraxis-eisele.de\/index.php?rest_route=\/wp\/v2\/pages\/8\/revisions"}],"predecessor-version":[{"id":10,"href":"https:\/\/naturheilpraxis-eisele.de\/index.php?rest_route=\/wp\/v2\/pages\/8\/revisions\/10"}],"wp:attachment":[{"href":"https:\/\/naturheilpraxis-eisele.de\/index.php?rest_route=%2Fwp%2Fv2%2Fmedia&parent=8"}],"curies":[{"name":"wp","href":"https:\/\/api.w.org\/{rel}","templated":true}]}}