{"id":69,"date":"2019-05-02T15:39:07","date_gmt":"2019-05-02T15:39:07","guid":{"rendered":"http:\/\/naturheilpraxis-eisele.de\/?page_id=69"},"modified":"2019-05-02T15:39:07","modified_gmt":"2019-05-02T15:39:07","slug":"stuhlanalyse","status":"publish","type":"page","link":"https:\/\/naturheilpraxis-eisele.de\/?page_id=69","title":{"rendered":"Stuhlanalyse"},"content":{"rendered":"\n<p>Als Endprodukt der Verdauung kann der Stuhl wertvolle Hinweise auf verschiedene Erkrankungen des Verdauungssystems liefern.  <\/p>\n\n\n\n<p>Beschaffenheit, Farbe, Gewicht und Geruch geben dar\u00fcber Aufschlu\u00df, ob eine St\u00f6rung oder Erkrankung des Magen-Darm-Trakts, der Leber, der Gallenwege oder der Bauchspeicheldr\u00fcse besteht.<\/p>\n\n\n\n<ul><li>so wird ein heller, schlecht geformter Stuhl h\u00e4ufig durch einen Verschlu\u00df des Gallengangs (z. B. infolge eines Gallensteins) hervorgerufen: die Galle gelangt nicht mehr in den Darm, wodurch der Stuhl seine typische gelbbraune Farbe verliert.<\/li><li>eine graue F\u00e4rbung hat der Stuhl, wenn er zu viel Fett enth\u00e4lt. Zudem sind Fettst\u00fchle lehmartig, gl\u00e4nzend, klebrig und s\u00e4uerlich bis scharf riechend. Vermehrtes Fett im Stuhl weist auf eine verminderte Fettverdauung hin. Oder es liegt eine andere Aufnahmest\u00f6rung im Darm vor, bei der das Fett der Nahrung aus dem Darm nicht aufgenommen wird.<\/li><li>Schwarzer oder &#8222;Teerstuhl&#8220; ist oft &#8211; aber keinesfalls immer &#8211; Folge von Blutungen im oberen Magen-Darm-Trakt.<\/li><\/ul>\n\n\n<p><!--EndFragment--><br>\n<br>\n<\/p>","protected":false},"excerpt":{"rendered":"<div class=\"slide-text-bg2\"><span>Als Endprodukt der Verdauung kann der Stuhl wertvolle Hinweise auf verschiedene Erkrankungen des Verdauungssystems liefern. Beschaffenheit, Farbe, Gewicht <\/span><\/div>\n<div class=\"slide-btn-area-sm\"><a href=\"https:\/\/naturheilpraxis-eisele.de\/?page_id=69\" class=\"slide-btn-sm\">weiterlesen<\/a><\/div>\n","protected":false},"author":1,"featured_media":0,"parent":0,"menu_order":0,"comment_status":"closed","ping_status":"closed","template":"","meta":[],"_links":{"self":[{"href":"https:\/\/naturheilpraxis-eisele.de\/index.php?rest_route=\/wp\/v2\/pages\/69"}],"collection":[{"href":"https:\/\/naturheilpraxis-eisele.de\/index.php?rest_route=\/wp\/v2\/pages"}],"about":[{"href":"https:\/\/naturheilpraxis-eisele.de\/index.php?rest_route=\/wp\/v2\/types\/page"}],"author":[{"embeddable":true,"href":"https:\/\/naturheilpraxis-eisele.de\/index.php?rest_route=\/wp\/v2\/users\/1"}],"replies":[{"embeddable":true,"href":"https:\/\/naturheilpraxis-eisele.de\/index.php?rest_route=%2Fwp%2Fv2%2Fcomments&post=69"}],"version-history":[{"count":2,"href":"https:\/\/naturheilpraxis-eisele.de\/index.php?rest_route=\/wp\/v2\/pages\/69\/revisions"}],"predecessor-version":[{"id":71,"href":"https:\/\/naturheilpraxis-eisele.de\/index.php?rest_route=\/wp\/v2\/pages\/69\/revisions\/71"}],"wp:attachment":[{"href":"https:\/\/naturheilpraxis-eisele.de\/index.php?rest_route=%2Fwp%2Fv2%2Fmedia&parent=69"}],"curies":[{"name":"wp","href":"https:\/\/api.w.org\/{rel}","templated":true}]}}