{"id":47,"date":"2019-05-02T15:34:13","date_gmt":"2019-05-02T15:34:13","guid":{"rendered":"http:\/\/naturheilpraxis-eisele.de\/?page_id=47"},"modified":"2023-04-03T06:34:25","modified_gmt":"2023-04-03T06:34:25","slug":"naturheilpraxis-frank-eisele","status":"publish","type":"page","link":"https:\/\/naturheilpraxis-eisele.de\/","title":{"rendered":"Naturheilpraxis Frank Eisele"},"content":{"rendered":"\n<p class=\"has-text-align-center has-very-dark-gray-color has-text-color\" style=\"font-size:24px\"><strong>Heilpraktiker <\/strong><br><br><strong>und<\/strong> <br><br><strong>Master <\/strong><br><strong>PREVENTIVE AND HEALTH SCIENCE<\/strong><br><strong>MANAGEMENT<\/strong> <br><em>(Collegium Humanum &#8211; Warsaw Management University)<\/em><br><br><\/p>\n\n\n\n<p><strong>Wer sich richtig wohl und gesund f\u00fchlen m\u00f6chte, muss darauf achten, dass er sich ganzheitlich im Reinen h\u00e4lt. K\u00f6rper, Seele und Geist spielen alle eine gleichgro\u00dfe Rolle und sollten im harmonischen Gleichgewicht zueinander stehen.<\/strong><\/p>\n\n\n\n<p><strong>Dabei setze ich in meiner Praxis f\u00fcr Naturheilverfahren auf den Einsatz von zeitgem\u00e4\u00dfen diagnostischen Methoden.<\/strong><\/p>\n\n\n\n<p><strong>Mit verschiedenen aktuellen Therapiemethoden ist es m\u00f6glich ihr Gleichgewicht wieder herzustellen und Ihre Gesundheit dauerhaft zu st\u00e4rken.<\/strong><\/p>\n\n\n\n<p>   <\/p>\n\n\n\n<p><\/p>\n\n\n\n<figure class=\"wp-block-image\"><img decoding=\"async\" loading=\"lazy\" width=\"724\" height=\"1024\" src=\"http:\/\/naturheilpraxis-eisele.de\/wp-content\/uploads\/2020\/09\/20200907111318-7_120200907111318-7-724x1024.png\" alt=\"\" class=\"wp-image-113\" srcset=\"https:\/\/naturheilpraxis-eisele.de\/wp-content\/uploads\/2020\/09\/20200907111318-7_120200907111318-7-724x1024.png 724w, https:\/\/naturheilpraxis-eisele.de\/wp-content\/uploads\/2020\/09\/20200907111318-7_120200907111318-7-212x300.png 212w, https:\/\/naturheilpraxis-eisele.de\/wp-content\/uploads\/2020\/09\/20200907111318-7_120200907111318-7-768x1086.png 768w, https:\/\/naturheilpraxis-eisele.de\/wp-content\/uploads\/2020\/09\/20200907111318-7_120200907111318-7.png 1240w\" sizes=\"(max-width: 724px) 100vw, 724px\" \/><\/figure>\n","protected":false},"excerpt":{"rendered":"<div class=\"slide-text-bg2\"><span>Heilpraktiker und Master PREVENTIVE AND HEALTH SCIENCEMANAGEMENT (Collegium Humanum &#8211; Warsaw Management University) Wer sich richtig wohl und gesund <\/span><\/div>\n<div class=\"slide-btn-area-sm\"><a href=\"https:\/\/naturheilpraxis-eisele.de\/\" class=\"slide-btn-sm\">weiterlesen<\/a><\/div>\n","protected":false},"author":1,"featured_media":0,"parent":0,"menu_order":0,"comment_status":"closed","ping_status":"closed","template":"","meta":[],"_links":{"self":[{"href":"https:\/\/naturheilpraxis-eisele.de\/index.php?rest_route=\/wp\/v2\/pages\/47"}],"collection":[{"href":"https:\/\/naturheilpraxis-eisele.de\/index.php?rest_route=\/wp\/v2\/pages"}],"about":[{"href":"https:\/\/naturheilpraxis-eisele.de\/index.php?rest_route=\/wp\/v2\/types\/page"}],"author":[{"embeddable":true,"href":"https:\/\/naturheilpraxis-eisele.de\/index.php?rest_route=\/wp\/v2\/users\/1"}],"replies":[{"embeddable":true,"href":"https:\/\/naturheilpraxis-eisele.de\/index.php?rest_route=%2Fwp%2Fv2%2Fcomments&post=47"}],"version-history":[{"count":18,"href":"https:\/\/naturheilpraxis-eisele.de\/index.php?rest_route=\/wp\/v2\/pages\/47\/revisions"}],"predecessor-version":[{"id":146,"href":"https:\/\/naturheilpraxis-eisele.de\/index.php?rest_route=\/wp\/v2\/pages\/47\/revisions\/146"}],"wp:attachment":[{"href":"https:\/\/naturheilpraxis-eisele.de\/index.php?rest_route=%2Fwp%2Fv2%2Fmedia&parent=47"}],"curies":[{"name":"wp","href":"https:\/\/api.w.org\/{rel}","templated":true}]}}