{"id":41,"date":"2019-05-02T15:34:21","date_gmt":"2019-05-02T15:34:21","guid":{"rendered":"http:\/\/naturheilpraxis-eisele.de\/?page_id=41"},"modified":"2019-05-02T15:34:21","modified_gmt":"2019-05-02T15:34:21","slug":"orthomolekulare-therapie","status":"publish","type":"page","link":"https:\/\/naturheilpraxis-eisele.de\/?page_id=41","title":{"rendered":"Orthomolekulare Therapie"},"content":{"rendered":"\n<p>Hierunter versteht man eine meist zus\u00e4tzliche Zufuhr von Vital- und Mikron\u00e4hrstoffen \u00fcber Nahrungserg\u00e4nzungsmittel. <\/p>\n\n\n\n<p>In erster Linie geh\u00f6ren Vitamine, Mineralien, Spurenelemente, sekund\u00e4re Pflanzenstoffe, Radikalenf\u00e4nger dazu. Durch die heutige Umweltbelastung und die schnelllebige Zeit mit viel Stress und Hektik werden gerade diese Vitalstoffe vermehrt verbraucht.<\/p>\n\n\n\n<p>Au\u00dferdem haben viele Menschen durch Fertigprodukte, Konservierungsstoffe, Medikamenteneinnahme eine gest\u00f6rte Darmflora. Dadurch kann es zu mangelnder Aufnahme dieser Stoffe aus der Nahrung kommen. Wenn Zellen zeitweise nicht optimal arbeiten k\u00f6nnen, weil wichtige Stoffe fehlen, kommt es zu St\u00f6rungen in den Geweben, dem Beginn von Krankheiten.<\/p>\n\n\n\n<p>Durch gezielte Gabe von Zusatzpr\u00e4paraten in Form von Tabletten, S\u00e4ften, Kapseln, Pulvern kann man dem K\u00f6rper die fehlenden Substanzen hochdosiert wieder zuf\u00fchren.<\/p>\n\n\n\n<p>Allerdings sollte man sich auf &#8222;feste Daten&#8220; verlassen, sprich vorher Blutuntersuchungen veranlassen, um dem K\u00f6rper das zuzuf\u00fchren, was er auch wirklich braucht.<\/p>\n\n\n\n<p>Denn auch Nahrungserg\u00e4nzungen k\u00f6nnen zu hoch dosiert sch\u00e4digend wirken.<\/p>\n\n\n<p><!--EndFragment--><\/p>\n<p><\/p>","protected":false},"excerpt":{"rendered":"<div class=\"slide-text-bg2\"><span>Hierunter versteht man eine meist zus\u00e4tzliche Zufuhr von Vital- und Mikron\u00e4hrstoffen \u00fcber Nahrungserg\u00e4nzungsmittel. In erster Linie geh\u00f6ren Vitamine, <\/span><\/div>\n<div class=\"slide-btn-area-sm\"><a href=\"https:\/\/naturheilpraxis-eisele.de\/?page_id=41\" class=\"slide-btn-sm\">weiterlesen<\/a><\/div>\n","protected":false},"author":1,"featured_media":0,"parent":0,"menu_order":0,"comment_status":"closed","ping_status":"closed","template":"","meta":[],"_links":{"self":[{"href":"https:\/\/naturheilpraxis-eisele.de\/index.php?rest_route=\/wp\/v2\/pages\/41"}],"collection":[{"href":"https:\/\/naturheilpraxis-eisele.de\/index.php?rest_route=\/wp\/v2\/pages"}],"about":[{"href":"https:\/\/naturheilpraxis-eisele.de\/index.php?rest_route=\/wp\/v2\/types\/page"}],"author":[{"embeddable":true,"href":"https:\/\/naturheilpraxis-eisele.de\/index.php?rest_route=\/wp\/v2\/users\/1"}],"replies":[{"embeddable":true,"href":"https:\/\/naturheilpraxis-eisele.de\/index.php?rest_route=%2Fwp%2Fv2%2Fcomments&post=41"}],"version-history":[{"count":2,"href":"https:\/\/naturheilpraxis-eisele.de\/index.php?rest_route=\/wp\/v2\/pages\/41\/revisions"}],"predecessor-version":[{"id":59,"href":"https:\/\/naturheilpraxis-eisele.de\/index.php?rest_route=\/wp\/v2\/pages\/41\/revisions\/59"}],"wp:attachment":[{"href":"https:\/\/naturheilpraxis-eisele.de\/index.php?rest_route=%2Fwp%2Fv2%2Fmedia&parent=41"}],"curies":[{"name":"wp","href":"https:\/\/api.w.org\/{rel}","templated":true}]}}