{"id":39,"date":"2019-05-02T15:34:04","date_gmt":"2019-05-02T15:34:04","guid":{"rendered":"http:\/\/naturheilpraxis-eisele.de\/?page_id=39"},"modified":"2019-05-02T15:34:04","modified_gmt":"2019-05-02T15:34:04","slug":"nahrungsmittel-unvertraeglichkeiten","status":"publish","type":"page","link":"https:\/\/naturheilpraxis-eisele.de\/?page_id=39","title":{"rendered":"Nahrungsmittel-unvertr\u00e4glichkeiten"},"content":{"rendered":"\n<h4 class=\"wp-block-heading\">DIAGNOSE VON IMMUNREAKTIONEN AUF NAHRUNGSMITTEL<\/h4>\n\n\n\n<p>Das Hauptproblem von Abwehrreaktionen auf Nahrungsmittel ist der oft subtile Krankheitsverlauf. Sind selbst kompensierbare Abwehreiwei\u00dfspiegel (Antik\u00f6rperspiegel) vorhanden, kann das ausl\u00f6sende Nahrungsmitteleiwei\u00df (Antigen) relativ gut vom K\u00f6rper unter Kontrolle gehalten werden. Werden nun die Mengen des konsumierten Fremdeiwei\u00dfes und die darauf folgende Antik\u00f6rperproduktion so hoch, dass diese nicht mehr kompensiert werden k\u00f6nnen, kann es zu Beschwerden (Symptomen) kommen, die auf den ersten Blick oft nichts mit dem Darm zu tun haben. Deshalb kann es schwierig sein, das oder die Antigene (Fremdeiwei\u00df, das eine Immunreaktion ausl\u00f6st) &#8211; oft ist es eine Kombination von verschiedenen Nahrungsmitteln, die zu Immunreaktionen f\u00fchren &#8211; zu diagnostizieren. \nNachdem IgG ein einigerma\u00dfen gleichm\u00e4\u00dfig im Blut verteiltes Immunglobulin (Antik\u00f6rper, also Abwehreiwei\u00df, von eigenen Abwehrzellen gebildet) ist, bietet eine Untersuchung des Patientenserums eine gute M\u00f6glichkeit die Abwehrreaktionen verursachenden Nahrungsmittel zu bestimmen. <\/p>\n\n\n\n<p>Beim Pro Immun M\u00ae-Test sind auf Testplatten bis zu 263 verschiedene Nahrungsmitteleiwei\u00dfe verankert. Patientenserum wird auf diese Platten aufgetragen. Mit einem markierten Antik\u00f6rper gegen menschliche IgG-Antik\u00f6rper und einer entsprechenden Farbstoff-Entwicklung kann nun das Nahrungsmittel festgestellt werden, gegen das ein IgG-Antik\u00f6rper-Spiegel vorliegt.<\/p>\n\n\n<p><!--EndFragment--><\/p>\n<p><\/p>","protected":false},"excerpt":{"rendered":"<div class=\"slide-text-bg2\"><span>DIAGNOSE VON IMMUNREAKTIONEN AUF NAHRUNGSMITTEL Das Hauptproblem von Abwehrreaktionen auf Nahrungsmittel ist der oft subtile Krankheitsverlauf. Sind selbst<\/span><\/div>\n<div class=\"slide-btn-area-sm\"><a href=\"https:\/\/naturheilpraxis-eisele.de\/?page_id=39\" class=\"slide-btn-sm\">weiterlesen<\/a><\/div>\n","protected":false},"author":1,"featured_media":0,"parent":0,"menu_order":0,"comment_status":"closed","ping_status":"closed","template":"","meta":[],"_links":{"self":[{"href":"https:\/\/naturheilpraxis-eisele.de\/index.php?rest_route=\/wp\/v2\/pages\/39"}],"collection":[{"href":"https:\/\/naturheilpraxis-eisele.de\/index.php?rest_route=\/wp\/v2\/pages"}],"about":[{"href":"https:\/\/naturheilpraxis-eisele.de\/index.php?rest_route=\/wp\/v2\/types\/page"}],"author":[{"embeddable":true,"href":"https:\/\/naturheilpraxis-eisele.de\/index.php?rest_route=\/wp\/v2\/users\/1"}],"replies":[{"embeddable":true,"href":"https:\/\/naturheilpraxis-eisele.de\/index.php?rest_route=%2Fwp%2Fv2%2Fcomments&post=39"}],"version-history":[{"count":2,"href":"https:\/\/naturheilpraxis-eisele.de\/index.php?rest_route=\/wp\/v2\/pages\/39\/revisions"}],"predecessor-version":[{"id":58,"href":"https:\/\/naturheilpraxis-eisele.de\/index.php?rest_route=\/wp\/v2\/pages\/39\/revisions\/58"}],"wp:attachment":[{"href":"https:\/\/naturheilpraxis-eisele.de\/index.php?rest_route=%2Fwp%2Fv2%2Fmedia&parent=39"}],"curies":[{"name":"wp","href":"https:\/\/api.w.org\/{rel}","templated":true}]}}