{"id":36,"date":"2019-05-02T15:33:56","date_gmt":"2019-05-02T15:33:56","guid":{"rendered":"http:\/\/naturheilpraxis-eisele.de\/?page_id=36"},"modified":"2019-05-02T15:33:56","modified_gmt":"2019-05-02T15:33:56","slug":"myoreflextherapie","status":"publish","type":"page","link":"https:\/\/naturheilpraxis-eisele.de\/?page_id=36","title":{"rendered":"Myoreflextherapie"},"content":{"rendered":"\n<h4 class=\"wp-block-heading\">WAS VERSTEHEN WIR UNTER MYOREFLEX?<\/h4>\n\n\n\n<p>Bei der Myoreflextherapie geht es prim\u00e4r um die Muskeln (myos) und deren reflektorische Behandlung.<\/p>\n\n\n\n<h4 class=\"wp-block-heading\">WAS IST SCHMERZ?<\/h4>\n\n\n\n<p>Schmerzen k\u00f6nnen als Ausdruck eines gest\u00f6rten Gesamtgleichgewichts sowie einer gest\u00f6rten Bewegungsgeometrie betrachtet werden.\nSehr viele Schmerzgeschehnisse und degenerative Ver\u00e4nderungen entstehen aufgrund funktioneller Fehl- und \u00dcberbelastung, Bewegungsarmut, psychischer Belastung und vielem mehr.<\/p>\n\n\n\n<h4 class=\"wp-block-heading\">F\u00dcR WELCHE ERKRANKUNGEN IST DIE MYOREFLEXTHERAPIE<\/h4>\n\n\n\n<p>Erkrankungen des gesamten Bereichs &#8222;Bewegungsapparat&#8220; mit Muskeln, Sehnen, Gelenken, B\u00e4ndern, z.B.<\/p>\n\n\n\n<ul><li>Rotatorenmanschettensyndrom<\/li><li>Lumboischialgie<\/li><li>Zerrungen<\/li><li>HWS-Syndrom<\/li><li>Schleudertrauma<\/li><li>Bandscheibenvorfall<\/li><li>Arthrose<\/li><li>funktionelle Gelenkblockaden<\/li><li>Skoliose<\/li><li>chronische Schmerzen<\/li><\/ul>\n\n\n\n<p>funktionelle Organst\u00f6rungen, wie z. B.<\/p>\n\n\n\n<ul><li>funktioneller Bluthochdruck<\/li><li>funktionelle Herzrhythmusst\u00f6rungen<\/li><li>Sehst\u00f6rungen<\/li><li>funktionelle Atembeschwerden<\/li><\/ul>\n\n\n\n<p>\u00fcber die Verbindung der Kopfgelenke mit Ohr und Kiefer, z. B.<\/p>\n\n\n\n<ul><li>Kieferst\u00f6rungen<\/li><li>Migr\u00e4ne \/ Kopfschmerzen<\/li><li>Schwindel<\/li><li>Tinnitus<\/li><\/ul>\n\n\n\n<p>Psychotraumatische Belastungen<\/p>\n\n\n\n<ul><li>Angstzust\u00e4nde nach Unfall \/ \u00dcberfall \/ Gewal<\/li><\/ul>\n\n\n\n<p>ADS \/ ADHS<\/p>\n\n\n\n<ul><li>bei Kindern und Erwachsenen<\/li><\/ul>\n\n\n\n<h4 class=\"wp-block-heading\">WIE WIRKT DIE MYOREFLEXTHERAPIE?<\/h4>\n\n\n\n<p>Bei der Myoreflextherapie werde in erster Linie Muskelans\u00e4tze behandelt. Nach einem Funktions- und Tastbefund wird \u00fcber Druckpunktstimulation an ganz bestimmten Reflexpunkten der Muskulatur ein Reiz gesetzt. <\/p>\n\n\n\n<p>Dieser wird an das Gehirn weitergeleitet und von dort aus das Spannungsmuster der jeweiligen Muskulatur reflektorisch reguliert. <\/p>\n\n\n\n<p>Ver\u00e4ndern und regulieren sich die muskul\u00e4ren Arbeits- und Bewegungsmuster, k\u00f6nnen die Beschwerdebilder abklingen, Gelenke und Weichteilstrukturen erfahren eine Entlastung und selbst chronisch degenerativ fortschreitende Ver\u00e4nderungen werden aufgehalten und regenerieren.<\/p>\n\n\n\n<h4 class=\"wp-block-heading\">DABEI ST\u00dcTZT SICH DIESE THERAPIE NACH DR. MOSETTER<\/h4>\n\n\n\n<ul><li>Anatomie, Orthop\u00e4die<\/li><li>Subjektive Anatomie<\/li><li>Biochemie, Neurobiochemie<\/li><li>Physik, Biokinematik<\/li><li>Psychologische Medizin, Psychotraumatologie<\/li><li>TCM, Akupunktursysteme<\/li><li>Gehirnforschung<\/li><\/ul>\n\n\n\n<p>(aus dem Flyer von Dr. med. Kurt Mosetter)<\/p>\n\n\n<p><!--EndFragment--><\/p>\n<p><\/p>","protected":false},"excerpt":{"rendered":"<div class=\"slide-text-bg2\"><span>WAS VERSTEHEN WIR UNTER MYOREFLEX? Bei der Myoreflextherapie geht es prim\u00e4r um die Muskeln (myos) und deren reflektorische Behandlung. WAS IST SCHMERZ? Sc<\/span><\/div>\n<div class=\"slide-btn-area-sm\"><a href=\"https:\/\/naturheilpraxis-eisele.de\/?page_id=36\" class=\"slide-btn-sm\">weiterlesen<\/a><\/div>\n","protected":false},"author":1,"featured_media":0,"parent":0,"menu_order":0,"comment_status":"closed","ping_status":"closed","template":"","meta":[],"_links":{"self":[{"href":"https:\/\/naturheilpraxis-eisele.de\/index.php?rest_route=\/wp\/v2\/pages\/36"}],"collection":[{"href":"https:\/\/naturheilpraxis-eisele.de\/index.php?rest_route=\/wp\/v2\/pages"}],"about":[{"href":"https:\/\/naturheilpraxis-eisele.de\/index.php?rest_route=\/wp\/v2\/types\/page"}],"author":[{"embeddable":true,"href":"https:\/\/naturheilpraxis-eisele.de\/index.php?rest_route=\/wp\/v2\/users\/1"}],"replies":[{"embeddable":true,"href":"https:\/\/naturheilpraxis-eisele.de\/index.php?rest_route=%2Fwp%2Fv2%2Fcomments&post=36"}],"version-history":[{"count":3,"href":"https:\/\/naturheilpraxis-eisele.de\/index.php?rest_route=\/wp\/v2\/pages\/36\/revisions"}],"predecessor-version":[{"id":57,"href":"https:\/\/naturheilpraxis-eisele.de\/index.php?rest_route=\/wp\/v2\/pages\/36\/revisions\/57"}],"wp:attachment":[{"href":"https:\/\/naturheilpraxis-eisele.de\/index.php?rest_route=%2Fwp%2Fv2%2Fmedia&parent=36"}],"curies":[{"name":"wp","href":"https:\/\/api.w.org\/{rel}","templated":true}]}}