{"id":29,"date":"2019-05-02T15:33:40","date_gmt":"2019-05-02T15:33:40","guid":{"rendered":"http:\/\/naturheilpraxis-eisele.de\/?page_id=29"},"modified":"2019-11-18T15:17:37","modified_gmt":"2019-11-18T15:17:37","slug":"kryptopyrole","status":"publish","type":"page","link":"https:\/\/naturheilpraxis-eisele.de\/?page_id=29","title":{"rendered":"Kryptopyrole"},"content":{"rendered":"\n<h4 class=\"wp-block-heading\">GEST\u00d6RTE H\u00c4MOGLOBINSYNTHESE<\/h4>\n\n\n\n<p>Die Kryptopyrrolurie ist eine St\u00f6rung im Rahmen der Bildung des roten Blutfarbstoffs. Diese l\u00e4uft in mehreren aufeinanderfolgenden Schritten ab, wobei eine Substanz in eine andere Substanz umgewandelt wird.<\/p>\n\n\n\n<p>Ist eine Kryptopyrrolurie vorhanden, l\u00e4uft einer oder laufen mehrere dieser Umwandlungsschritte nicht mehr richtig ab. Giftig wirkende Stoffe (Pyrrole) werden im ersten Schritt an Vitamin B6 und im zweiten Schritt an Zink gebunden und unsichtbar (=Krypto) im Urin (=urie) ausgeschieden, wodurch sich normalerweise ein Vitamin B6- und Zink-Defizit aufbaut. Beide Mikron\u00e4hrstoffe m\u00fcssen aber f\u00fcr den Ablauf wichtiger Stoffwechselprozesse in ausreichender Menge vorliegen. Ist dies nicht der Fall, laufen die chemischen Umwandlungsprozesse nicht mehr richtig ab, und in letzter Konsequenz k\u00f6nnen gesundheitliche St\u00f6rungen fast JEGLICHER ART auftreten.<\/p>\n\n\n\n<p>Kryptopyrrolurie (KPU) ist nicht nur ein Ausl\u00f6ser f\u00fcr ADS \/ ADHS, sie kann auch viele andere chronische Beschwerden verursachen. <\/p>\n\n\n\n<p>Auswirkungen erh\u00f6hter Kryptopyrrol-Werte k\u00f6nnen sein:<\/p>\n\n\n\n<ul><li>M\u00fcdigkeit<\/li><li>Depression<\/li><li>ADHS \/ ADH<\/li><li>Angstzust\u00e4nde<\/li><li>Appetitlosigkeit<\/li><li>nerv\u00f6se Ersch\u00f6pfung<\/li><li>Geschmackst\u00f6rungen<\/li><li>Verhaltensauff\u00e4lligkeiten<\/li><li>fehlende Traumerinnerung<\/li><li>R\u00fccken- und Gelenkschmerzen<\/li><li>schlechtes akustisches Ged\u00e4chtnis<\/li><li>br\u00fcchige N\u00e4gel oder Nagelaufhellungen<\/li><\/ul>\n\n\n<p><!--EndFragment--><\/p>\n<p><\/p>","protected":false},"excerpt":{"rendered":"<div class=\"slide-text-bg2\"><span>GEST\u00d6RTE H\u00c4MOGLOBINSYNTHESE Die Kryptopyrrolurie ist eine St\u00f6rung im Rahmen der Bildung des roten Blutfarbstoffs. Diese l\u00e4uft in mehreren aufeinanderfo<\/span><\/div>\n<div class=\"slide-btn-area-sm\"><a href=\"https:\/\/naturheilpraxis-eisele.de\/?page_id=29\" class=\"slide-btn-sm\">weiterlesen<\/a><\/div>\n","protected":false},"author":1,"featured_media":0,"parent":0,"menu_order":0,"comment_status":"closed","ping_status":"closed","template":"","meta":[],"_links":{"self":[{"href":"https:\/\/naturheilpraxis-eisele.de\/index.php?rest_route=\/wp\/v2\/pages\/29"}],"collection":[{"href":"https:\/\/naturheilpraxis-eisele.de\/index.php?rest_route=\/wp\/v2\/pages"}],"about":[{"href":"https:\/\/naturheilpraxis-eisele.de\/index.php?rest_route=\/wp\/v2\/types\/page"}],"author":[{"embeddable":true,"href":"https:\/\/naturheilpraxis-eisele.de\/index.php?rest_route=\/wp\/v2\/users\/1"}],"replies":[{"embeddable":true,"href":"https:\/\/naturheilpraxis-eisele.de\/index.php?rest_route=%2Fwp%2Fv2%2Fcomments&post=29"}],"version-history":[{"count":5,"href":"https:\/\/naturheilpraxis-eisele.de\/index.php?rest_route=\/wp\/v2\/pages\/29\/revisions"}],"predecessor-version":[{"id":98,"href":"https:\/\/naturheilpraxis-eisele.de\/index.php?rest_route=\/wp\/v2\/pages\/29\/revisions\/98"}],"wp:attachment":[{"href":"https:\/\/naturheilpraxis-eisele.de\/index.php?rest_route=%2Fwp%2Fv2%2Fmedia&parent=29"}],"curies":[{"name":"wp","href":"https:\/\/api.w.org\/{rel}","templated":true}]}}