{"id":20,"date":"2019-05-02T15:33:16","date_gmt":"2019-05-02T15:33:16","guid":{"rendered":"http:\/\/naturheilpraxis-eisele.de\/?page_id=20"},"modified":"2019-05-02T15:33:16","modified_gmt":"2019-05-02T15:33:16","slug":"ernaehrungstherapie","status":"publish","type":"page","link":"https:\/\/naturheilpraxis-eisele.de\/?page_id=20","title":{"rendered":"Ern\u00e4hrungstherapie"},"content":{"rendered":"\n<h4 class=\"wp-block-heading\">PROIMMUN M LEBENSMITTEL-ANTIK\u00d6RPER-TEST<\/h4>\n\n\n\n<p>Bei einer Unvertr\u00e4glichkeit befindet sich unser Abwehrsystem in einer \u00dcberfunktion. Dabei beseitigen unsere Abwehrzellen irrt\u00fcmlicherweise nat\u00fcrliche Substanzen. Da jede Abwehrzelle bei dem Kontakt mit dem Allergen unwiderruflich zu Grunde geht, verbraucht jede Allergie Anteile unseres Abwehrsystems. Eine Unvertr\u00e4glichkeit kann sich somit auf das gesamte Stoffwechselsystem des K\u00f6rpers auswirken. <\/p>\n\n\n\n<p>Lebensmittel-Unvertr\u00e4glichkeiten sind dabei oft die eigentliche Ursache allergischer Erkrankungen und k\u00f6nnen in jedem K\u00f6rperabschnitt zu Abwehr- und Entz\u00fcndungsreaktionen f\u00fchren. Selbst ein gesunder, abwechslungsreicher Speiseplan in Form von M\u00fcsli, Brot, Obst, Gem\u00fcse und Fleisch kann bei einer versteckten Lebensmittel-Unvertr\u00e4glichkeit zu Beschwerden und Folgeerkrankungen f\u00fchren. <\/p>\n\n\n\n<p>Durch einen Lebensmittel-Allergietest werden aus dem Blut Abwehreiwei\u00dfe gegen 263 (alternativ 175) verschiedene Lebensmittel nachgewiesen, so genannte Antik\u00f6rper der Klasse IgG = Immunglobulin G. Diese Abwehrreaktionen, die 4-72 Stunden nach der Nahrungsaufnahme erfolgen, k\u00f6nnen die Ursache der oben genannten Beschwerden sein. Das Lebensmittel-Immunscreening besch\u00e4ftigt sich mit den bisher unentdeckten Gr\u00fcnden f\u00fcr chronische Erkrankungen. Dieser Labortest liefert auf einer wissenschaftlichen eindeutigen Basis aus einer Blutprobe Informationen \u00fcber das Abwehrverhalten des Patienten gegen Nahrungsmittel.<\/p>\n\n\n\n<p>Basierend auf dem Testergebnis wird eine individueller Ern\u00e4hrungsplan f\u00fcr den Patienten erarbeitet, der garantiert das nur Nahrungsmittel gegessen werden, die keine allergische Reaktion im K\u00f6rper provozieren. Diese Di\u00e4t sollte f\u00fcr mindesten 6 Monate konsequent durchgef\u00fchrt werden. Parallel dazu sollte sich der Patient einer probiotischen Therapie, einer Darmsanierung unterziehen.<\/p>\n\n\n\n<p>Literatur: Meyer, Ralf: Chronisch krank &#8211; versteckte Gr\u00fcnde\nEigenverlag 2004<\/p>\n\n\n<p><!--EndFragment--><\/p>\n<p><\/p>","protected":false},"excerpt":{"rendered":"<div class=\"slide-text-bg2\"><span>PROIMMUN M LEBENSMITTEL-ANTIK\u00d6RPER-TEST Bei einer Unvertr\u00e4glichkeit befindet sich unser Abwehrsystem in einer \u00dcberfunktion. Dabei beseitigen unsere Abwe<\/span><\/div>\n<div class=\"slide-btn-area-sm\"><a href=\"https:\/\/naturheilpraxis-eisele.de\/?page_id=20\" class=\"slide-btn-sm\">weiterlesen<\/a><\/div>\n","protected":false},"author":1,"featured_media":0,"parent":0,"menu_order":0,"comment_status":"closed","ping_status":"closed","template":"","meta":[],"_links":{"self":[{"href":"https:\/\/naturheilpraxis-eisele.de\/index.php?rest_route=\/wp\/v2\/pages\/20"}],"collection":[{"href":"https:\/\/naturheilpraxis-eisele.de\/index.php?rest_route=\/wp\/v2\/pages"}],"about":[{"href":"https:\/\/naturheilpraxis-eisele.de\/index.php?rest_route=\/wp\/v2\/types\/page"}],"author":[{"embeddable":true,"href":"https:\/\/naturheilpraxis-eisele.de\/index.php?rest_route=\/wp\/v2\/users\/1"}],"replies":[{"embeddable":true,"href":"https:\/\/naturheilpraxis-eisele.de\/index.php?rest_route=%2Fwp%2Fv2%2Fcomments&post=20"}],"version-history":[{"count":3,"href":"https:\/\/naturheilpraxis-eisele.de\/index.php?rest_route=\/wp\/v2\/pages\/20\/revisions"}],"predecessor-version":[{"id":53,"href":"https:\/\/naturheilpraxis-eisele.de\/index.php?rest_route=\/wp\/v2\/pages\/20\/revisions\/53"}],"wp:attachment":[{"href":"https:\/\/naturheilpraxis-eisele.de\/index.php?rest_route=%2Fwp%2Fv2%2Fmedia&parent=20"}],"curies":[{"name":"wp","href":"https:\/\/api.w.org\/{rel}","templated":true}]}}