{"id":16,"date":"2019-05-02T15:33:07","date_gmt":"2019-05-02T15:33:07","guid":{"rendered":"http:\/\/naturheilpraxis-eisele.de\/?page_id=16"},"modified":"2019-05-02T15:33:07","modified_gmt":"2019-05-02T15:33:07","slug":"diagnosen","status":"publish","type":"page","link":"https:\/\/naturheilpraxis-eisele.de\/?page_id=16","title":{"rendered":"Diagnosen"},"content":{"rendered":"\n<p>\n\nKrankheiten zu erkennen, zu differenzieren und diagnostisch zu sichern geh\u00f6rt zur Basis einer jeglichen therapeutischen Intervention. Laboruntersuchungen geh\u00f6ren somit zum unverzichtbaren Bestandteil der Diagnostik &#8211; gerade auch in der naturheilkundlichen Praxis.<\/p>\n\n\n\n<p>Labordiagnostik bietet die M\u00f6glichkeit der Verlaufskontrolle. Therapie und Heilungsprozesse lassen sich \u00fcberwachen, wie Tendenzen oder tieferliegende St\u00f6rungen aufgedeckt werden k\u00f6nnen. <\/p>\n","protected":false},"excerpt":{"rendered":"<div class=\"slide-text-bg2\"><span>Krankheiten zu erkennen, zu differenzieren und diagnostisch zu sichern geh\u00f6rt zur Basis einer jeglichen therapeutischen Intervention. Laboruntersuchungen <\/span><\/div>\n<div class=\"slide-btn-area-sm\"><a href=\"https:\/\/naturheilpraxis-eisele.de\/?page_id=16\" class=\"slide-btn-sm\">weiterlesen<\/a><\/div>\n","protected":false},"author":1,"featured_media":0,"parent":0,"menu_order":0,"comment_status":"closed","ping_status":"closed","template":"","meta":[],"_links":{"self":[{"href":"https:\/\/naturheilpraxis-eisele.de\/index.php?rest_route=\/wp\/v2\/pages\/16"}],"collection":[{"href":"https:\/\/naturheilpraxis-eisele.de\/index.php?rest_route=\/wp\/v2\/pages"}],"about":[{"href":"https:\/\/naturheilpraxis-eisele.de\/index.php?rest_route=\/wp\/v2\/types\/page"}],"author":[{"embeddable":true,"href":"https:\/\/naturheilpraxis-eisele.de\/index.php?rest_route=\/wp\/v2\/users\/1"}],"replies":[{"embeddable":true,"href":"https:\/\/naturheilpraxis-eisele.de\/index.php?rest_route=%2Fwp%2Fv2%2Fcomments&post=16"}],"version-history":[{"count":3,"href":"https:\/\/naturheilpraxis-eisele.de\/index.php?rest_route=\/wp\/v2\/pages\/16\/revisions"}],"predecessor-version":[{"id":19,"href":"https:\/\/naturheilpraxis-eisele.de\/index.php?rest_route=\/wp\/v2\/pages\/16\/revisions\/19"}],"wp:attachment":[{"href":"https:\/\/naturheilpraxis-eisele.de\/index.php?rest_route=%2Fwp%2Fv2%2Fmedia&parent=16"}],"curies":[{"name":"wp","href":"https:\/\/api.w.org\/{rel}","templated":true}]}}