{"id":23,"date":"2019-05-02T15:33:23","date_gmt":"2019-05-02T15:33:23","guid":{"rendered":"http:\/\/naturheilpraxis-eisele.de\/?page_id=23"},"modified":"2019-05-02T15:33:23","modified_gmt":"2019-05-02T15:33:23","slug":"harnanalyse","status":"publish","type":"page","link":"http:\/\/naturheilpraxis-eisele.de\/?page_id=23","title":{"rendered":"Harnanalyse"},"content":{"rendered":"\n<p>URINUNTERSUCHUNG<\/p>\n\n\n\n<p>Urin ist eine von den Nieren \u00fcber die Harnwege abgeleitete hell- bis dunkelgelbe Fl\u00fcssigkeit, \u00fcber die Stoffwechselprodukte sowie \u00fcbersch\u00fcssiges Wasser, Salz, S\u00e4uren, Medikamente und Gifte ausgeschieden werden. Deshalb ist eine Urinuntersuchung nicht nur ein wichtiges diagnostisches Hilfsmittel zur Erkennung von Erkrankungen der Niere, Harnleiter, Harnblase und Harnr\u00f6hre, sondern auch der Zuckerkrankheit (Diabetes mellitus). <\/p>\n\n\n\n<p>F\u00fcr eine differenzierte Urinuntersuchung stehen verschiedene Methoden zur Verf\u00fcgung. Diese k\u00f6nnen im Wesentlichen in drie Untersuchungsbereiche eingeteilt werden: die Beurteilung des Urins durch Betrachtung mit dem Auge (makroskopische Urinuntersuchung), die Untersuchung mittels Teststreifen sowie die Begutachtung von Urinbestandteilen unter dem Mikroskop. <\/p>\n\n\n\n<p>Die Zusammenfassung der Untersuchungsergebnisse wird als Urinstatus bezeichnet.<\/p>\n\n\n\n<ul><li>Zur Harnanalyse eignet sich am besten der Morgenurin<\/li><li>Es sollte stets der Mittelstrahlurin verwendet werden, da die erste Harnportion noch Keime aus dem Bereich der \u00e4u\u00dferen Genitialien enth\u00e4lt. Das hei\u00dft, es wird die erste Harnportion in die Toilette gelassen, die zweite ohne Unterbrechung mit dem Uringef\u00e4\u00df aufgefangen und der restliche Harn dann wieder in die Toilette entleert.<\/li><li>F\u00fcr das Auffangen des Urins sollten nur Gef\u00e4\u00dfe verwendet werden, die in der Apotheke gekauft wurden oder die der Patient aus der Praxis mitgegeben wurde; ausgesp\u00fclte Gl\u00e4ser oder Becher k\u00f6nnten verunreinigt sein oder Sp\u00fclmittelreste aufweisen.<\/li><\/ul>\n\n\n<p><!--EndFragment--><\/p>\n<p><\/p>","protected":false},"excerpt":{"rendered":"<div class=\"slide-text-bg2\"><span>URINUNTERSUCHUNG Urin ist eine von den Nieren \u00fcber die Harnwege abgeleitete hell- bis dunkelgelbe Fl\u00fcssigkeit, \u00fcber die Stoffwechselprodukte sowie \u00fcber<\/span><\/div>\n<div class=\"slide-btn-area-sm\"><a href=\"http:\/\/naturheilpraxis-eisele.de\/?page_id=23\" class=\"slide-btn-sm\">weiterlesen<\/a><\/div>\n","protected":false},"author":1,"featured_media":0,"parent":0,"menu_order":0,"comment_status":"closed","ping_status":"closed","template":"","meta":[],"_links":{"self":[{"href":"http:\/\/naturheilpraxis-eisele.de\/index.php?rest_route=\/wp\/v2\/pages\/23"}],"collection":[{"href":"http:\/\/naturheilpraxis-eisele.de\/index.php?rest_route=\/wp\/v2\/pages"}],"about":[{"href":"http:\/\/naturheilpraxis-eisele.de\/index.php?rest_route=\/wp\/v2\/types\/page"}],"author":[{"embeddable":true,"href":"http:\/\/naturheilpraxis-eisele.de\/index.php?rest_route=\/wp\/v2\/users\/1"}],"replies":[{"embeddable":true,"href":"http:\/\/naturheilpraxis-eisele.de\/index.php?rest_route=%2Fwp%2Fv2%2Fcomments&post=23"}],"version-history":[{"count":3,"href":"http:\/\/naturheilpraxis-eisele.de\/index.php?rest_route=\/wp\/v2\/pages\/23\/revisions"}],"predecessor-version":[{"id":54,"href":"http:\/\/naturheilpraxis-eisele.de\/index.php?rest_route=\/wp\/v2\/pages\/23\/revisions\/54"}],"wp:attachment":[{"href":"http:\/\/naturheilpraxis-eisele.de\/index.php?rest_route=%2Fwp%2Fv2%2Fmedia&parent=23"}],"curies":[{"name":"wp","href":"https:\/\/api.w.org\/{rel}","templated":true}]}}